{"id":374,"date":"2020-12-09T22:50:12","date_gmt":"2020-12-09T21:50:12","guid":{"rendered":"https:\/\/tavannes.ch\/bibliotheque\/?page_id=374"},"modified":"2026-04-22T11:39:35","modified_gmt":"2026-04-22T09:39:35","slug":"expos-animations","status":"publish","type":"page","link":"https:\/\/tavannes.ch\/bibliotheque\/expos-animations\/","title":{"rendered":"Expos &#8211; Animations"},"content":{"rendered":"<p>[et_pb_section fb_built=\u00a0\u00bb1&Prime; _builder_version=\u00a0\u00bb4.16&Prime; _module_preset=\u00a0\u00bbdefault\u00a0\u00bb background_color=\u00a0\u00bbrgba(0,0,0,0)\u00a0\u00bb custom_padding=\u00a0\u00bb0px|||||\u00a0\u00bb global_colors_info=\u00a0\u00bb{}\u00a0\u00bb][et_pb_row column_structure=\u00a0\u00bb1_2,1_2&Prime; _builder_version=\u00a0\u00bb4.16&Prime; _module_preset=\u00a0\u00bbdefault\u00a0\u00bb width=\u00a0\u00bb100%\u00a0\u00bb custom_padding=\u00a0\u00bb3px|||||\u00a0\u00bb border_color_bottom=\u00a0\u00bb#607d8b\u00a0\u00bb locked=\u00a0\u00bboff\u00a0\u00bb global_colors_info=\u00a0\u00bb{}\u00a0\u00bb][et_pb_column type=\u00a0\u00bb1_2&Prime; _builder_version=\u00a0\u00bb4.16&Prime; _module_preset=\u00a0\u00bbdefault\u00a0\u00bb global_colors_info=\u00a0\u00bb{}\u00a0\u00bb][et_pb_image src=\u00a0\u00bbhttps:\/\/tavannes.ch\/bibliotheque\/wp-content\/uploads\/2026\/01\/BIBLIO-260420-EXPO-VALERIE-LOSA-Affiche-A3.jpg\u00a0\u00bb title_text=\u00a0\u00bbBIBLIO &#8211; 260420 EXPO VALERIE LOSA &#8211; Affiche A3&Prime; align=\u00a0\u00bbright\u00a0\u00bb align_tablet=\u00a0\u00bbcenter\u00a0\u00bb align_phone=\u00a0\u00bb\u00a0\u00bb align_last_edited=\u00a0\u00bbon|tablet\u00a0\u00bb _builder_version=\u00a0\u00bb4.27.4&Prime; _module_preset=\u00a0\u00bbdefault\u00a0\u00bb width=\u00a0\u00bb53.4%\u00a0\u00bb global_colors_info=\u00a0\u00bb{}\u00a0\u00bb][\/et_pb_image][\/et_pb_column][et_pb_column type=\u00a0\u00bb1_2&Prime; _builder_version=\u00a0\u00bb4.16&Prime; _module_preset=\u00a0\u00bbdefault\u00a0\u00bb global_colors_info=\u00a0\u00bb{}\u00a0\u00bb][et_pb_text _builder_version=\u00a0\u00bb4.27.4&Prime; _module_preset=\u00a0\u00bbdefault\u00a0\u00bb custom_padding=\u00a0\u00bb0px|||||\u00a0\u00bb inline_fonts=\u00a0\u00bbBrasley SemiBold\u00a0\u00bb global_colors_info=\u00a0\u00bb{}\u00a0\u00bb]<\/p>\n<p class=\"Corpo\" style=\"text-align: justify;\"><strong style=\"font-size: 14px; text-align: left;\">DU 20 AVRIL AU 2 OCTOBRE 2026<br \/><\/strong><strong style=\"font-size: 14px; text-align: left;\">EXPOSITION<\/strong><\/p>\n<p><strong style=\"font-size: 14px;\">Ogni Giorno \u00e8 un giorno carnets et narrations quotideinnes par Val\u00e9rie Losa<\/strong><\/p>\n<p>Les carnets au quotidien: que ce soit pour y dessiner un objet, une plante, pour y noter des id\u00e9es, \u00e9laborer un projet d\u2019illustration ou des dessins en voyage, Val\u00e9rie Losa en a toujours un sous la main.<\/p>\n<p>PENDANT LES HEURES D\u2019OUVERTURE DE LA BIBLIOTHEQUE\u00a0<\/p>\n<p><strong>Soir\u00e9e de pr\u00e9sentation: 19 Mai, 19h00<\/strong><\/p>\n<p><strong>\u00a0<\/strong><span style=\"font-size: 14px;\">Rencontre-discussion autour du th\u00e8me du carnet du quotidien, par Val\u00e9rie Losa. Pourquoi tenir un carnet ? Qu\u2019est-ce qu\u2019on peut bien y noter, dessiner, consigner ?<\/span><span style=\"font-size: 14px;\">\u00a0<\/span><\/p>\n<p>&nbsp;<\/p>\n<p>[\/et_pb_text][\/et_pb_column][\/et_pb_row][et_pb_row column_structure=\u00a0\u00bb1_2,1_2&Prime; _builder_version=\u00a0\u00bb4.16&Prime; _module_preset=\u00a0\u00bbdefault\u00a0\u00bb width=\u00a0\u00bb100%\u00a0\u00bb custom_padding=\u00a0\u00bb3px|||||\u00a0\u00bb border_color_bottom=\u00a0\u00bb#607d8b\u00a0\u00bb locked=\u00a0\u00bboff\u00a0\u00bb global_colors_info=\u00a0\u00bb{}\u00a0\u00bb][et_pb_column type=\u00a0\u00bb1_2&Prime; _builder_version=\u00a0\u00bb4.16&Prime; _module_preset=\u00a0\u00bbdefault\u00a0\u00bb global_colors_info=\u00a0\u00bb{}\u00a0\u00bb][et_pb_image src=\u00a0\u00bbhttps:\/\/tavannes.ch\/bibliotheque\/wp-content\/uploads\/2026\/01\/BIBLIO-260510-PASCAL-GUERANT-Affiche-A3.jpg\u00a0\u00bb title_text=\u00a0\u00bbBIBLIO &#8211; 260510 PASCAL GUERANT &#8211; Affiche A3&Prime; align=\u00a0\u00bbright\u00a0\u00bb align_tablet=\u00a0\u00bbcenter\u00a0\u00bb align_phone=\u00a0\u00bb\u00a0\u00bb align_last_edited=\u00a0\u00bbon|tablet\u00a0\u00bb _builder_version=\u00a0\u00bb4.27.4&Prime; _module_preset=\u00a0\u00bbdefault\u00a0\u00bb width=\u00a0\u00bb53.4%\u00a0\u00bb global_colors_info=\u00a0\u00bb{}\u00a0\u00bb][\/et_pb_image][\/et_pb_column][et_pb_column type=\u00a0\u00bb1_2&Prime; _builder_version=\u00a0\u00bb4.16&Prime; _module_preset=\u00a0\u00bbdefault\u00a0\u00bb global_colors_info=\u00a0\u00bb{}\u00a0\u00bb][et_pb_text _builder_version=\u00a0\u00bb4.27.4&Prime; _module_preset=\u00a0\u00bbdefault\u00a0\u00bb custom_padding=\u00a0\u00bb0px|||||\u00a0\u00bb inline_fonts=\u00a0\u00bbBrasley SemiBold\u00a0\u00bb global_colors_info=\u00a0\u00bb{}\u00a0\u00bb]<\/p>\n<p><b style=\"font-family: 'Brasley SemiBold';\">DIMANCHE 10 MAI A 17H15<br \/>SPECTACLE DES 10 ANS<\/b><\/p>\n<p><strong>\u00ab\u00a0Racines\u2026 Aux sources de l&rsquo;humanit\u00e9\u00a0\u00bb par Pascal Gu\u00e9ran<\/strong><\/p>\n<p>Des histoires qui reviennent aux sources de ce qui nous rend humains, qui mettent en exergue la solidarit\u00e9 pour envisager un monde qui ne soit pas uniquement centr\u00e9 sur le profit, la recherche du pouvoir, l&rsquo;\u00e9gocentrisme\u2026<\/p>\n<p><strong>\u00a0<\/strong>Dans le cadre de l\u2019animation Les dimanches racontent<\/p>\n<p>ENTR\u00c9E LIBRE, SUR R\u00c9SERVATION (COLLECTE \u00c0 LA SORTIE)\u00a0<\/p>\n<p>&nbsp;<\/p>\n<p>&nbsp;<\/p>\n<p>[\/et_pb_text][\/et_pb_column][\/et_pb_row][et_pb_row column_structure=\u00a0\u00bb1_2,1_2&Prime; _builder_version=\u00a0\u00bb4.16&Prime; _module_preset=\u00a0\u00bbdefault\u00a0\u00bb width=\u00a0\u00bb100%\u00a0\u00bb custom_padding=\u00a0\u00bb3px|||||\u00a0\u00bb border_color_bottom=\u00a0\u00bb#607d8b\u00a0\u00bb locked=\u00a0\u00bboff\u00a0\u00bb global_colors_info=\u00a0\u00bb{}\u00a0\u00bb][et_pb_column type=\u00a0\u00bb1_2&Prime; _builder_version=\u00a0\u00bb4.16&Prime; _module_preset=\u00a0\u00bbdefault\u00a0\u00bb global_colors_info=\u00a0\u00bb{}\u00a0\u00bb][et_pb_image src=\u00a0\u00bbhttps:\/\/tavannes.ch\/bibliotheque\/wp-content\/uploads\/2026\/01\/bibliotricote_page-0001.jpg\u00a0\u00bb title_text=\u00a0\u00bbbibliotricote_page-0001&Prime; align=\u00a0\u00bbright\u00a0\u00bb align_tablet=\u00a0\u00bbcenter\u00a0\u00bb align_phone=\u00a0\u00bb\u00a0\u00bb align_last_edited=\u00a0\u00bbon|tablet\u00a0\u00bb _builder_version=\u00a0\u00bb4.27.4&Prime; _module_preset=\u00a0\u00bbdefault\u00a0\u00bb width=\u00a0\u00bb53.4%\u00a0\u00bb global_colors_info=\u00a0\u00bb{}\u00a0\u00bb][\/et_pb_image][\/et_pb_column][et_pb_column type=\u00a0\u00bb1_2&Prime; _builder_version=\u00a0\u00bb4.16&Prime; _module_preset=\u00a0\u00bbdefault\u00a0\u00bb global_colors_info=\u00a0\u00bb{}\u00a0\u00bb][et_pb_text _builder_version=\u00a0\u00bb4.16&Prime; _module_preset=\u00a0\u00bbdefault\u00a0\u00bb custom_padding=\u00a0\u00bb0px|||||\u00a0\u00bb inline_fonts=\u00a0\u00bbBrasley SemiBold\u00a0\u00bb global_colors_info=\u00a0\u00bb{}\u00a0\u00bb]<\/p>\n<p><b style=\"font-family: 'Brasley SemiBold';\">BIBLIOTRICOTE DES LE 20.01.2026, TOUS LES MARDIS JUSQU&rsquo;AU PRINTEMPS DE 15H30 A 16H30<\/b><\/p>\n<p>Venez tricoter afin d&rsquo;habiller les rbres devant la biblio! <br \/>Gislaine Gerber vous accompagnera dans vos ouvrages. Entr\u00e9e libre, sans inscription, le mat\u00e9riel est \u00e0 votre disposition.<\/p>\n<p>VERNISSAGE MARDI 5 MAI A 17H DEVANT LA BIBLIO<\/p>\n<p>&nbsp;<\/p>\n<p>&nbsp;<\/p>\n<p>&nbsp;<\/p>\n<p>&nbsp;<\/p>\n<p>&nbsp;<\/p>\n<p>&nbsp;<\/p>\n<p>[\/et_pb_text][\/et_pb_column][\/et_pb_row][et_pb_row column_structure=\u00a0\u00bb1_2,1_2&Prime; _builder_version=\u00a0\u00bb4.16&Prime; _module_preset=\u00a0\u00bbdefault\u00a0\u00bb width=\u00a0\u00bb100%\u00a0\u00bb custom_padding=\u00a0\u00bb3px|||||\u00a0\u00bb border_color_bottom=\u00a0\u00bb#607d8b\u00a0\u00bb locked=\u00a0\u00bboff\u00a0\u00bb global_colors_info=\u00a0\u00bb{}\u00a0\u00bb][et_pb_column type=\u00a0\u00bb1_2&Prime; _builder_version=\u00a0\u00bb4.16&Prime; _module_preset=\u00a0\u00bbdefault\u00a0\u00bb global_colors_info=\u00a0\u00bb{}\u00a0\u00bb][et_pb_image src=\u00a0\u00bbhttps:\/\/tavannes.ch\/bibliotheque\/wp-content\/uploads\/2026\/01\/cafe-seniors_page-0001.jpg\u00a0\u00bb title_text=\u00a0\u00bbcaf\u00e9 seniors_page-0001&Prime; align=\u00a0\u00bbright\u00a0\u00bb align_tablet=\u00a0\u00bbcenter\u00a0\u00bb align_phone=\u00a0\u00bb\u00a0\u00bb align_last_edited=\u00a0\u00bbon|tablet\u00a0\u00bb _builder_version=\u00a0\u00bb4.27.4&Prime; _module_preset=\u00a0\u00bbdefault\u00a0\u00bb width=\u00a0\u00bb53.4%\u00a0\u00bb global_colors_info=\u00a0\u00bb{}\u00a0\u00bb][\/et_pb_image][\/et_pb_column][et_pb_column type=\u00a0\u00bb1_2&Prime; _builder_version=\u00a0\u00bb4.16&Prime; _module_preset=\u00a0\u00bbdefault\u00a0\u00bb global_colors_info=\u00a0\u00bb{}\u00a0\u00bb][et_pb_text _builder_version=\u00a0\u00bb4.16&Prime; _module_preset=\u00a0\u00bbdefault\u00a0\u00bb custom_padding=\u00a0\u00bb0px|||||\u00a0\u00bb inline_fonts=\u00a0\u00bbBrasley SemiBold\u00a0\u00bb global_colors_info=\u00a0\u00bb{}\u00a0\u00bb]<\/p>\n<p><b style=\"font-family: 'Brasley SemiBold';\">CAFES SENIORS \/ 1X PAR MOIS LE LUNDI A 14H30<\/b><\/p>\n<p>En collaboration avec l&rsquo;Association ATA.<br \/>Rencontre avec les personnes seniors pour partager un moment de \u00ab\u00a0d\u00e9couvertes lectures\u00a0\u00bb.<\/p>\n<p>\u00a0LUNDI 05.01.2026<br \/>LUNDI 02.02.2026<br \/>LUNDI 02.03.2026<br \/>LUNDI 4.05.2024<br \/>LUNDI 01.06.2026<\/p>\n<p>\u00a0SUR INSCRIPTION\u00a0<\/p>\n<p>&nbsp;<\/p>\n<p>[\/et_pb_text][\/et_pb_column][\/et_pb_row][et_pb_row column_structure=\u00a0\u00bb1_2,1_2&Prime; _builder_version=\u00a0\u00bb4.16&Prime; _module_preset=\u00a0\u00bbdefault\u00a0\u00bb width=\u00a0\u00bb100%\u00a0\u00bb custom_padding=\u00a0\u00bb3px|||||\u00a0\u00bb border_color_bottom=\u00a0\u00bb#607d8b\u00a0\u00bb locked=\u00a0\u00bboff\u00a0\u00bb global_colors_info=\u00a0\u00bb{}\u00a0\u00bb][et_pb_column type=\u00a0\u00bb1_2&Prime; _builder_version=\u00a0\u00bb4.16&Prime; _module_preset=\u00a0\u00bbdefault\u00a0\u00bb global_colors_info=\u00a0\u00bb{}\u00a0\u00bb][et_pb_image src=\u00a0\u00bbhttps:\/\/tavannes.ch\/bibliotheque\/wp-content\/uploads\/2026\/01\/cafe-parents_page-0001.jpg\u00a0\u00bb title_text=\u00a0\u00bbcaf\u00e9 parents_page-0001&Prime; align=\u00a0\u00bbright\u00a0\u00bb align_tablet=\u00a0\u00bbcenter\u00a0\u00bb align_phone=\u00a0\u00bb\u00a0\u00bb align_last_edited=\u00a0\u00bbon|tablet\u00a0\u00bb _builder_version=\u00a0\u00bb4.27.4&Prime; _module_preset=\u00a0\u00bbdefault\u00a0\u00bb width=\u00a0\u00bb53.4%\u00a0\u00bb global_colors_info=\u00a0\u00bb{}\u00a0\u00bb][\/et_pb_image][\/et_pb_column][et_pb_column type=\u00a0\u00bb1_2&Prime; _builder_version=\u00a0\u00bb4.16&Prime; _module_preset=\u00a0\u00bbdefault\u00a0\u00bb global_colors_info=\u00a0\u00bb{}\u00a0\u00bb][et_pb_text _builder_version=\u00a0\u00bb4.16&Prime; _module_preset=\u00a0\u00bbdefault\u00a0\u00bb custom_padding=\u00a0\u00bb3px|||||\u00a0\u00bb inline_fonts=\u00a0\u00bbBrasley SemiBold\u00a0\u00bb global_colors_info=\u00a0\u00bb{}\u00a0\u00bb]<\/p>\n<p><b style=\"font-family: 'Brasley SemiBold';\">CAFES PARENT\/ 1X PAR MOIS LE MARDI A 19H.<\/b><\/p>\n<p>Moments d&rsquo;\u00e9changes sur des th\u00e9matiques d\u00e9finies avec Roubina Kouyoumdjian, travailleuse sociale en milieu scolaire et Franziska Garcia de l&rsquo;Association des parents d&rsquo;\u00e9l\u00e8ves.<\/p>\n<p>MARDI 27.01.2026<br \/>MARDI 03.03.2026<br \/>MARDI 12.05.2026\u00a0<\/p>\n<p>SUR INSCRIPTION\u00a0<\/p>\n<p>&nbsp;<\/p>\n<p>&nbsp;<\/p>\n<p>[\/et_pb_text][\/et_pb_column][\/et_pb_row][et_pb_row column_structure=\u00a0\u00bb1_2,1_2&Prime; _builder_version=\u00a0\u00bb4.16&Prime; _module_preset=\u00a0\u00bbdefault\u00a0\u00bb width=\u00a0\u00bb100%\u00a0\u00bb custom_padding=\u00a0\u00bb3px|||||\u00a0\u00bb border_color_bottom=\u00a0\u00bb#607d8b\u00a0\u00bb locked=\u00a0\u00bboff\u00a0\u00bb global_colors_info=\u00a0\u00bb{}\u00a0\u00bb][et_pb_column type=\u00a0\u00bb1_2&Prime; _builder_version=\u00a0\u00bb4.16&Prime; _module_preset=\u00a0\u00bbdefault\u00a0\u00bb global_colors_info=\u00a0\u00bb{}\u00a0\u00bb][et_pb_image src=\u00a0\u00bbhttps:\/\/tavannes.ch\/bibliotheque\/wp-content\/uploads\/2026\/01\/Rencontres-interculturelles_page-0001.jpg\u00a0\u00bb title_text=\u00a0\u00bbRencontres interculturelles_page-0001&Prime; align=\u00a0\u00bbright\u00a0\u00bb align_tablet=\u00a0\u00bbcenter\u00a0\u00bb align_phone=\u00a0\u00bb\u00a0\u00bb align_last_edited=\u00a0\u00bbon|tablet\u00a0\u00bb _builder_version=\u00a0\u00bb4.27.4&Prime; _module_preset=\u00a0\u00bbdefault\u00a0\u00bb width=\u00a0\u00bb53.4%\u00a0\u00bb global_colors_info=\u00a0\u00bb{}\u00a0\u00bb][\/et_pb_image][\/et_pb_column][et_pb_column type=\u00a0\u00bb1_2&Prime; _builder_version=\u00a0\u00bb4.16&Prime; _module_preset=\u00a0\u00bbdefault\u00a0\u00bb global_colors_info=\u00a0\u00bb{}\u00a0\u00bb][et_pb_text _builder_version=\u00a0\u00bb4.16&Prime; _module_preset=\u00a0\u00bbdefault\u00a0\u00bb custom_padding=\u00a0\u00bb3px|||||\u00a0\u00bb inline_fonts=\u00a0\u00bbBrasley SemiBold\u00a0\u00bb global_colors_info=\u00a0\u00bb{}\u00a0\u00bb]<\/p>\n<p><b style=\"font-family: 'Brasley SemiBold';\">RENCONTRES INTERCULTURELLES\/ 1X PAR MOIS LE MARDI A 19H.<\/b><\/p>\n<p>Ces rencontres sont une occasion de se rencontrer autours d&rsquo;un ap\u00e9ro d\u00eenatoire entre les personnes migrantes et les personnes de la r\u00e9gions<\/p>\n<p>MARDI 20.01.2026<br \/>MARDI 17.03.2026<br \/>MARDI 21.04.2026<br \/>MARDI 26.05.2026<br \/>MARDI 16.06.2026<\/p>\n<p>SUR INSCRIPTION<\/p>\n<p>&nbsp;<\/p>\n<p>&nbsp;<\/p>\n<p>[\/et_pb_text][\/et_pb_column][\/et_pb_row][et_pb_row column_structure=\u00a0\u00bb1_2,1_2&Prime; _builder_version=\u00a0\u00bb4.16&Prime; _module_preset=\u00a0\u00bbdefault\u00a0\u00bb width=\u00a0\u00bb100%\u00a0\u00bb custom_padding=\u00a0\u00bb3px|||||\u00a0\u00bb border_color_bottom=\u00a0\u00bb#607d8b\u00a0\u00bb locked=\u00a0\u00bboff\u00a0\u00bb global_colors_info=\u00a0\u00bb{}\u00a0\u00bb][et_pb_column type=\u00a0\u00bb1_2&Prime; _builder_version=\u00a0\u00bb4.16&Prime; _module_preset=\u00a0\u00bbdefault\u00a0\u00bb global_colors_info=\u00a0\u00bb{}\u00a0\u00bb][et_pb_image src=\u00a0\u00bbhttps:\/\/tavannes.ch\/bibliotheque\/wp-content\/uploads\/2026\/01\/club-de-lecture_page-0001.jpg\u00a0\u00bb title_text=\u00a0\u00bbclub de lecture_page-0001&Prime; align=\u00a0\u00bbright\u00a0\u00bb align_tablet=\u00a0\u00bbcenter\u00a0\u00bb align_phone=\u00a0\u00bb\u00a0\u00bb align_last_edited=\u00a0\u00bbon|tablet\u00a0\u00bb _builder_version=\u00a0\u00bb4.27.4&Prime; _module_preset=\u00a0\u00bbdefault\u00a0\u00bb width=\u00a0\u00bb53.4%\u00a0\u00bb global_colors_info=\u00a0\u00bb{}\u00a0\u00bb][\/et_pb_image][\/et_pb_column][et_pb_column type=\u00a0\u00bb1_2&Prime; _builder_version=\u00a0\u00bb4.16&Prime; _module_preset=\u00a0\u00bbdefault\u00a0\u00bb global_colors_info=\u00a0\u00bb{}\u00a0\u00bb][et_pb_text _builder_version=\u00a0\u00bb4.16&Prime; _module_preset=\u00a0\u00bbdefault\u00a0\u00bb custom_padding=\u00a0\u00bb3px|||||\u00a0\u00bb inline_fonts=\u00a0\u00bbBrasley SemiBold\u00a0\u00bb global_colors_info=\u00a0\u00bb{}\u00a0\u00bb]<\/p>\n<p><b style=\"font-family: 'Brasley SemiBold';\">BiblioClub 1x\/mois le mercredi de 13h15-14h30.<\/b><\/p>\n<p>Le BiblioClub propose aux 5\u00e8me,<br \/>6\u00e8me, 7\u00e8me et 8\u00e8me Harmos de<br \/>participer \u00e0 son aventure annuelle<br \/>dans le vaste monde des livres.<br \/>Si tu aimes bricoler, jouer, cr\u00e9er,<br \/>partir \u00e0 l\u2019aventure de la<br \/>biblioth\u00e8que et surtout t\u2019amuser, le<br \/>BiblioClub est fait pour toi !<\/p>\n<p>\u00a0Une fois par mois, le mercredi \u00e0 la biblioth\u00e8que, pour les enfants pr\u00e9alablement inscrits.<\/p>\n<p>Vous trouverez le formulaire d&rsquo;inscription \u00e0 la biblioth\u00e8que!<\/p>\n<p><span>MERCREDI 22.10.2025<\/span><br \/><span>MERCREDI 19.11.2025<\/span><br \/><span>MERCREDI 17.12.2025<\/span><br \/><span>MERCREDI 22.01.2026<\/span><br \/><span>MERCREDI 18.02.2026<\/span><br \/><span>MERCREDI 18.03.2026<\/span><br \/><span>MERCREDI 22.04.2026<\/span><br \/><span>MERCREDI 20.05.2026<\/span><br \/><span>MERCREDI 17.06.2026<\/span>\u00a0\u00a0<\/p>\n<p>&nbsp;<\/p>\n<p>[\/et_pb_text][\/et_pb_column][\/et_pb_row][et_pb_row column_structure=\u00a0\u00bb1_2,1_2&Prime; _builder_version=\u00a0\u00bb4.16&Prime; _module_preset=\u00a0\u00bbdefault\u00a0\u00bb width=\u00a0\u00bb100%\u00a0\u00bb custom_padding=\u00a0\u00bb3px|||||\u00a0\u00bb border_color_bottom=\u00a0\u00bb#607d8b\u00a0\u00bb locked=\u00a0\u00bboff\u00a0\u00bb global_colors_info=\u00a0\u00bb{}\u00a0\u00bb][et_pb_column type=\u00a0\u00bb1_2&Prime; _builder_version=\u00a0\u00bb4.16&Prime; _module_preset=\u00a0\u00bbdefault\u00a0\u00bb global_colors_info=\u00a0\u00bb{}\u00a0\u00bb][et_pb_image src=\u00a0\u00bbhttps:\/\/tavannes.ch\/bibliotheque\/wp-content\/uploads\/2026\/01\/parler-en-public_page-0001.jpg\u00a0\u00bb title_text=\u00a0\u00bbparler en public_page-0001&Prime; align=\u00a0\u00bbright\u00a0\u00bb align_tablet=\u00a0\u00bbcenter\u00a0\u00bb align_phone=\u00a0\u00bb\u00a0\u00bb align_last_edited=\u00a0\u00bbon|tablet\u00a0\u00bb _builder_version=\u00a0\u00bb4.27.4&Prime; _module_preset=\u00a0\u00bbdefault\u00a0\u00bb custom_padding=\u00a0\u00bb|0px||168px||\u00a0\u00bb global_colors_info=\u00a0\u00bb{}\u00a0\u00bb][\/et_pb_image][\/et_pb_column][et_pb_column type=\u00a0\u00bb1_2&Prime; _builder_version=\u00a0\u00bb4.16&Prime; _module_preset=\u00a0\u00bbdefault\u00a0\u00bb global_colors_info=\u00a0\u00bb{}\u00a0\u00bb][et_pb_text _builder_version=\u00a0\u00bb4.16&Prime; _module_preset=\u00a0\u00bbdefault\u00a0\u00bb inline_fonts=\u00a0\u00bbBrasley SemiBold\u00a0\u00bb global_colors_info=\u00a0\u00bb{}\u00a0\u00bb]<\/p>\n<p><b style=\"font-family: 'Brasley SemiBold';\">PARLER EN PUBLIC&#8230; ET NE PLUS AVOIR PEUR 1x\/mois le mercredi de 13h30-14h30.<\/b><\/p>\n<p>Destin\u00e9 aux \u00e9l\u00e8ves de l&rsquo;\u00e9cole secondaire, le but de cette animation est d&rsquo;apprendre \u00e0 s&rsquo;exprimer en public. A l&rsquo;aide de jeux th\u00e9\u00e2traux, d&rsquo;improvisation et surtout de rire, petit-\u00e0-petit, les ados se sentiront plus \u00e0 l&rsquo;aise de prendre la parole devant des gens.\u00a0<\/p>\n<p>Un spectacle sera pr\u00e9sent\u00e9 \u00e0 la fin de l&rsquo;ann\u00e9e scolaire aux plus petits.<\/p>\n<p>Une fois par mois, le mercredi \u00e0 la biblioth\u00e8que, pour les adolescents pr\u00e9alablement inscrits. (Inscription en d\u00e9but d&rsquo;ann\u00e9e scolaire).<\/p>\n<p><span>Pour apprendre \u00e0 parler en public \u00e0 l\u2019aide de jeux th\u00e9\u00e2traux de 13h30 \u00e0 14h30<\/span><br \/><span>MERCREDI 5.11.2025<\/span><br \/><span>MERCREDI 3.12.2025<\/span><br \/><span>MERCREDI 14.01.2025<\/span><br \/><span>MERCREDI 25.02.2026<\/span><br \/><span>MERCREDI 25.03.2026<\/span><br \/><span>MERCREDI 6.05.2026<\/span><br \/><span>MERCREDI 3.06.2026<br \/><\/span>MERCREDI 10.06.2026<br \/><span>MERCREDI 24.06.2026 (SPECTACLE)<\/span><\/p>\n<p>Vous trouverez le formulaire d&rsquo;inscription \u00e0 la biblioth\u00e8que<\/p>\n<p>&nbsp;<\/p>\n<p>&nbsp;<\/p>\n<p>[\/et_pb_text][\/et_pb_column][\/et_pb_row][et_pb_row column_structure=\u00a0\u00bb1_2,1_2&Prime; _builder_version=\u00a0\u00bb4.16&Prime; _module_preset=\u00a0\u00bbdefault\u00a0\u00bb width=\u00a0\u00bb100%\u00a0\u00bb border_color_bottom=\u00a0\u00bb#607d8b\u00a0\u00bb global_colors_info=\u00a0\u00bb{}\u00a0\u00bb][et_pb_column type=\u00a0\u00bb1_2&Prime; _builder_version=\u00a0\u00bb4.16&Prime; _module_preset=\u00a0\u00bbdefault\u00a0\u00bb global_colors_info=\u00a0\u00bb{}\u00a0\u00bb][et_pb_image src=\u00a0\u00bbhttps:\/\/tavannes.ch\/bibliotheque\/wp-content\/uploads\/2025\/09\/Image1.png\u00a0\u00bb title_text=\u00a0\u00bbImage1&Prime; align=\u00a0\u00bbright\u00a0\u00bb align_tablet=\u00a0\u00bbcenter\u00a0\u00bb align_phone=\u00a0\u00bb\u00a0\u00bb align_last_edited=\u00a0\u00bbon|tablet\u00a0\u00bb _builder_version=\u00a0\u00bb4.27.4&Prime; _module_preset=\u00a0\u00bbdefault\u00a0\u00bb custom_padding=\u00a0\u00bb|||162px||\u00a0\u00bb global_colors_info=\u00a0\u00bb{}\u00a0\u00bb][\/et_pb_image][\/et_pb_column][et_pb_column type=\u00a0\u00bb1_2&Prime; _builder_version=\u00a0\u00bb4.16&Prime; _module_preset=\u00a0\u00bbdefault\u00a0\u00bb global_colors_info=\u00a0\u00bb{}\u00a0\u00bb][et_pb_text _builder_version=\u00a0\u00bb4.27.4&Prime; _module_preset=\u00a0\u00bbdefault\u00a0\u00bb inline_fonts=\u00a0\u00bbBrasley SemiBold\u00a0\u00bb global_colors_info=\u00a0\u00bb{}\u00a0\u00bb]<\/p>\n<p><b style=\"font-size: 14px; font-family: 'Brasley SemiBold';\">BRICO-HISTOIRES 1X PAR MOIS LE MECREDI DU MOIS DE 13H30 A 14H30<\/b><b style=\"font-size: 14px; font-family: 'Brasley SemiBold';\"><\/b><\/p>\n<p><span>Durant les ateliers, l\u2019animatrice raconte une histoire et<\/span><br \/><span>propose un bricolage en relation avec celle-ci. Un mercredi par mois de 13h30 \u00e0 14h30<br \/>Les inscriptions se font en d\u00e9but d\u2019ann\u00e9e scolaire aupr\u00e8s des biblioth\u00e9caires<\/span><br \/><span>GROUPE 1:<\/span><br \/><span>MERCREDI 29.10.2025<\/span><br \/><span>MERCREDI 4.02.2026<\/span><br \/><span>MERCREDI 29.04.2026<\/span><br \/><span>GROUPE 2:<\/span><br \/><span>MERCREDI 26.11.2026<\/span><br \/><span>MERCREDI 4.03.2026<\/span><br \/><span>MERCREDI 27.05.2026<\/span><\/p>\n<p>MERCREDI 27.08.2025<br \/>MERCREDI 24.09.2025<br \/>PAS DE NE POUR LIRE MERCREDI 29.10.2025<br \/>MERCREDI 26.11.2025\u00a0<\/p>\n<p>[\/et_pb_text][\/et_pb_column][\/et_pb_row][et_pb_row column_structure=\u00a0\u00bb1_2,1_2&Prime; _builder_version=\u00a0\u00bb4.16&Prime; _module_preset=\u00a0\u00bbdefault\u00a0\u00bb width=\u00a0\u00bb100%\u00a0\u00bb border_color_bottom=\u00a0\u00bb#607d8b\u00a0\u00bb global_colors_info=\u00a0\u00bb{}\u00a0\u00bb][et_pb_column type=\u00a0\u00bb1_2&Prime; _builder_version=\u00a0\u00bb4.16&Prime; _module_preset=\u00a0\u00bbdefault\u00a0\u00bb global_colors_info=\u00a0\u00bb{}\u00a0\u00bb][et_pb_image src=\u00a0\u00bbhttps:\/\/tavannes.ch\/bibliotheque\/wp-content\/uploads\/2026\/01\/Ne-pour-lire_page-0001.jpg\u00a0\u00bb title_text=\u00a0\u00bbN\u00e9 pour lire_page-0001&Prime; align=\u00a0\u00bbright\u00a0\u00bb align_tablet=\u00a0\u00bbcenter\u00a0\u00bb align_phone=\u00a0\u00bb\u00a0\u00bb align_last_edited=\u00a0\u00bbon|tablet\u00a0\u00bb _builder_version=\u00a0\u00bb4.27.4&Prime; _module_preset=\u00a0\u00bbdefault\u00a0\u00bb custom_padding=\u00a0\u00bb|||162px||\u00a0\u00bb global_colors_info=\u00a0\u00bb{}\u00a0\u00bb][\/et_pb_image][\/et_pb_column][et_pb_column type=\u00a0\u00bb1_2&Prime; _builder_version=\u00a0\u00bb4.16&Prime; _module_preset=\u00a0\u00bbdefault\u00a0\u00bb global_colors_info=\u00a0\u00bb{}\u00a0\u00bb][et_pb_text _builder_version=\u00a0\u00bb4.16&Prime; _module_preset=\u00a0\u00bbdefault\u00a0\u00bb inline_fonts=\u00a0\u00bbBrasley SemiBold\u00a0\u00bb global_colors_info=\u00a0\u00bb{}\u00a0\u00bb]<\/p>\n<p><b style=\"font-size: 14px; font-family: 'Brasley SemiBold';\">NE POUR LIRE\/ 1X PAR MOIS LE DERNIER MECREDI DU MOIS DE 10H A 11H<\/b><b style=\"font-size: 14px; font-family: 'Brasley SemiBold';\"><\/b><\/p>\n<p>C&rsquo;est l&rsquo;occasion de rencontrer d&rsquo;autres enfants et de partager un bon moment autours des livres&#8230;<\/p>\n<p>SANS INSCRIPTION<\/p>\n<p>&nbsp;<\/p>\n<p>\u00ab\u00a0Les livres, c&rsquo;est bon pour les b\u00e9b\u00e9s\u00a0\u00bb Marie Bonnaf\u00e9<\/p>\n<p><span style=\"font-family: 'Brasley SemiBold'; font-weight: normal; color: #8bc064;\"><b>Pour qui ?<\/b><\/span><br \/>Les tout-petits (de 6 mois \u00e0 4 ans env., s\u0153urs et fr\u00e8res bienvenus) et leurs accompagnants pr\u00eats \u00e0 tenter l\u2019aventure<\/p>\n<p><span style=\"font-family: 'Brasley SemiBold'; font-weight: normal; color: #8bc064;\"><b>O\u00f9 et quand ?<\/b><\/span><br \/>Chaque dernier mercredi du mois, de 10h \u00e0 11h, dans un petit coin douillet de la biblioth\u00e8que, sp\u00e9cialement am\u00e9nag\u00e9 pour l\u2019occasion<\/p>\n<p><span style=\"font-family: 'Brasley SemiBold'; font-weight: normal; color: #8bc064;\"><b>Quoi ?<\/b><\/span><br \/>Les animatrices proposent des livres aux enfants et aux adultes qui les entourent, en les laissant totalement libres de leur interaction avec les livres: b\u00e9b\u00e9 peut d\u00e9vorer le livre (au sens propre!), le manipuler, se promener avec&#8230; L\u2019adulte peut d\u00e9signer et nommer le contenu du livre, le lire, le relire (les tout-petits adorent la r\u00e9p\u00e9tition qui les s\u00e9curise)\u2026 Ce n\u2019est ni une \u00e9cole, ni un spectacle. On ne subit pas, on ne consomme pas\u2026<\/p>\n<p><span style=\"font-family: 'Brasley SemiBold'; font-weight: normal; color: #8bc064;\"><b>Comment ?<\/b><\/span><br \/>Avec plein de go\u00fbt pour le partage\u2026 et l\u2019aventure, oser se baigner dans un univers de mots et d\u2019images et se laisser bercer par des vagues de tendresse et d\u2019imagination.<\/p>\n<p>Alors, venez et plongez avec nous dans le bassin des petits !<\/p>\n<p>Sources: Nathalie Athlan\/projets \u00abB\u00e9b\u00e9 bouquine\u00bb et \u00abN\u00e9 pour lire\u00bb Solenn Fraigneau\/Education, janvier 2009<\/p>\n<p>[\/et_pb_text][\/et_pb_column][\/et_pb_row][\/et_pb_section]<\/p>\n","protected":false},"excerpt":{"rendered":"<p>DU 20 AVRIL AU 2 OCTOBRE 2026EXPOSITION Ogni Giorno \u00e8 un giorno carnets et narrations quotideinnes par Val\u00e9rie Losa Les carnets au quotidien: que ce soit pour y dessiner un objet, une plante, pour y noter des id\u00e9es, \u00e9laborer un projet d\u2019illustration ou des dessins en voyage, Val\u00e9rie Losa en a toujours un sous la [&hellip;]<\/p>\n","protected":false},"author":4,"featured_media":0,"parent":0,"menu_order":0,"comment_status":"closed","ping_status":"closed","template":"","meta":{"_et_pb_use_builder":"on","_et_pb_old_content":"","_et_gb_content_width":"","footnotes":""},"class_list":["post-374","page","type-page","status-publish","hentry"],"_links":{"self":[{"href":"https:\/\/tavannes.ch\/bibliotheque\/wp-json\/wp\/v2\/pages\/374","targetHints":{"allow":["GET"]}}],"collection":[{"href":"https:\/\/tavannes.ch\/bibliotheque\/wp-json\/wp\/v2\/pages"}],"about":[{"href":"https:\/\/tavannes.ch\/bibliotheque\/wp-json\/wp\/v2\/types\/page"}],"author":[{"embeddable":true,"href":"https:\/\/tavannes.ch\/bibliotheque\/wp-json\/wp\/v2\/users\/4"}],"replies":[{"embeddable":true,"href":"https:\/\/tavannes.ch\/bibliotheque\/wp-json\/wp\/v2\/comments?post=374"}],"version-history":[{"count":89,"href":"https:\/\/tavannes.ch\/bibliotheque\/wp-json\/wp\/v2\/pages\/374\/revisions"}],"predecessor-version":[{"id":1674,"href":"https:\/\/tavannes.ch\/bibliotheque\/wp-json\/wp\/v2\/pages\/374\/revisions\/1674"}],"wp:attachment":[{"href":"https:\/\/tavannes.ch\/bibliotheque\/wp-json\/wp\/v2\/media?parent=374"}],"curies":[{"name":"wp","href":"https:\/\/api.w.org\/{rel}","templated":true}]}}