{"id":343,"date":"2020-12-09T15:22:11","date_gmt":"2020-12-09T14:22:11","guid":{"rendered":"https:\/\/tavannes.ch\/bibliotheque\/?page_id=343"},"modified":"2020-12-16T00:19:43","modified_gmt":"2020-12-15T23:19:43","slug":"nos-coups-de-coeur","status":"publish","type":"page","link":"https:\/\/tavannes.ch\/bibliotheque\/nos-coups-de-coeur\/","title":{"rendered":"Nos coups de coeur"},"content":{"rendered":"<p>[et_pb_section fb_built=\u00a0\u00bb1&Prime; _builder_version=\u00a0\u00bb4.7.4&Prime; _module_preset=\u00a0\u00bbdefault\u00a0\u00bb background_color=\u00a0\u00bbrgba(0,0,0,0)\u00a0\u00bb custom_padding=\u00a0\u00bb0px|||||\u00a0\u00bb][et_pb_row _builder_version=\u00a0\u00bb4.7.4&Prime; _module_preset=\u00a0\u00bbdefault\u00a0\u00bb custom_padding=\u00a0\u00bb2px|||||\u00a0\u00bb][et_pb_column type=\u00a0\u00bb4_4&Prime; _builder_version=\u00a0\u00bb4.7.4&Prime; _module_preset=\u00a0\u00bbdefault\u00a0\u00bb][et_pb_text _builder_version=\u00a0\u00bb4.7.4&Prime; _module_preset=\u00a0\u00bbdefault\u00a0\u00bb inline_fonts=\u00a0\u00bbBrasley SemiBold,Braslet mediumItalic\u00a0\u00bb]<\/p>\n<p><span style=\"font-family: 'Brasley SemiBold'; font-weight: normal; color: #8bc064;\"><b>L&rsquo;\u00e9mergence du monde ouvrier en Suisse au XIXe s.<\/b><\/span><br \/><span style=\"color: #37474f;\"><i>Laurence Marti<\/i><\/span><\/p>\n<p><span style=\"font-family: 'Brasley Medium'; font-weight: normal;\">Ce que nous vous demandons ce sont les moyens de vivre honorablement, d&rsquo;\u00e9lever nous-m\u00eames nos familles, et de sortir peu \u00e0 peu de cet \u00e9tat d&rsquo;inf\u00e9riorit\u00e9 o\u00f9 vous vous complaisez \u00e0 nous laisser depuis tant de si\u00e8cles ! \u00a0\u00bb Cette requ\u00eate aux dirigeants helv\u00e9tiques sign\u00e9e par Marc Aviolat, ouvrier typographe dans les ann\u00e9es 1860, t\u00e9moigne des changements que conna\u00eet l&rsquo;univers du travail durant la premi\u00e8re moiti\u00e9 du XIXe si\u00e8cle. Rel\u00e9gu\u00e9e jusque-l\u00e0 aux marges de la soci\u00e9t\u00e9, la population ouvri\u00e8re va d\u00e8s lors prendre place au coeur des r\u00e9flexions et des pr\u00e9occupations. Comment a-t-elle pu parvenir \u00e0 une telle centralit\u00e9, au point m\u00eame de se voir doter de la capacit\u00e9 d&rsquo;influencer la marche du monde ? Cette question constitue la trame de cet ouvrage. Libre acc\u00e8s au travail, renforcement de l&rsquo;industrialisation, extension du salariat, modifications dans la d\u00e9finition des m\u00e9tiers, dans les modes de vie et dans les repr\u00e9sentations sont quelques-uns des aspects pass\u00e9s en revue au fil des chapitres et qui ont contribu\u00e9 \u00e0 faire appara\u00eetre et exister le monde ouvrier. Entre regard sociologique et analyse historique, cette synth\u00e8se se distingue de l&rsquo;histoire ouvri\u00e8re \u00ab\u00a0classique\u00a0\u00bb, centr\u00e9e sur le d\u00e9veloppement du mouvement ouvrier, pour s&rsquo;orienter vers des r\u00e9flexions plus larges, sur les processus et les conditions d&rsquo;\u00e9mergence et de reconnaissance d&rsquo;une cat\u00e9gorie sociale au sein de la soci\u00e9t\u00e9 helv\u00e9tique du XIXe si\u00e8cle.<\/span><\/p>\n<hr \/>\n<p><span style=\"font-family: 'Brasley SemiBold'; font-weight: normal; color: #f46d38;\"><b><\/b><\/span><\/p>\n<p><span style=\"font-family: 'Brasley SemiBold'; font-weight: normal; color: #8bc064;\"><b>L&rsquo;Institut<\/b><\/span><br \/><span style=\"color: #37474f;\"><i>Stephen King<\/i><\/span><\/p>\n<p>Au coeur de la nuit, \u00e0 Minneapolis, des intrus p\u00e9n\u00e8trent la maison de Luke Ellis, jeune surdou\u00e9 de 12 ans, tuent ses parents et le kidnappent.<br \/>Luke se r\u00e9veille \u00e0 l&rsquo;Institut, dans une chambre presque semblable \u00e0 la sienne, sauf qu&rsquo;elle n&rsquo;a pas de fen\u00eatre. Dans le couloir, d&rsquo;autres portes cachent d&rsquo;autres enfants, dot\u00e9s comme lui de pouvoirs psychiques.<br \/>Que font-ils l\u00e0\u00a0? Qu&rsquo;attend-on d&rsquo;eux\u00a0? Et pourquoi aucun de ces enfants ne cherche-t-il \u00e0 s&rsquo;enfuir\u00a0?<br \/>Aussi angoissant que\u00a0Charlie, d&rsquo;une puissance d&rsquo;\u00e9vocation \u00e9gale \u00e0\u00a0\u00c7a, L&rsquo;Institut\u00a0nous entra\u00eene dans un monde totalitaire&#8230; qui ressemble \u00e9trangement au n\u00f4tre. Le nouveau chef-d&rsquo;oeuvre de Stephen King.<\/p>\n<hr \/>\n<p><span style=\"font-family: 'Brasley SemiBold'; font-weight: normal; color: #f46d38;\"><b><\/b><\/span><\/p>\n<p><span style=\"font-family: 'Brasley SemiBold'; font-weight: normal; color: #8bc064;\"><b>Th\u00e9rapie de groupe [BD adultes]<\/b><\/span><br \/><span style=\"color: #37474f;\"><i>Manu Larcenet<\/i><\/span><\/p>\n<p>Th\u00e9rapie de Groupe\u00a0\u00bb met en sc\u00e8ne de fa\u00e7on \u00e9blouissante un auteur de bande dessin\u00e9e \u00e0 la recherche de l&rsquo;inspiration. Dans une qu\u00eate inlassable il parcourt l&rsquo;univers de la cr\u00e9ation. Il remonte l&rsquo;Histoire, fait appel aux plus grands peintres, interpelle Boileau, Nietzsche ou Dieu Lui-m\u00eame.<br \/>Faire rimer humour et d\u00e9sarroi n&rsquo;est pas \u00e0 la port\u00e9e de tous les po\u00e8tes. Avec cet album dr\u00f4le et \u00e9mouvant, cultiv\u00e9 et percutant, c&rsquo;est pourtant l&rsquo;exploit que r\u00e9alise l&rsquo;auteur.<br \/>Ce voyage aux sources de la cr\u00e9ation est l&rsquo;occasion pour le lecteur de constater l&rsquo;extraordinaire talent graphique de Larcenet et l&rsquo;ampleur de sa palette. Mais aussi d&rsquo;entrevoir la douleur d&rsquo;un artiste se cognant aux murs de l&rsquo;incompr\u00e9hension et de la solitude. Au bout du voyage, \u00e0 chaque fois, l&rsquo;impasse de la souffrance.<br \/>Avec une lucidit\u00e9 f\u00e9roce, l&rsquo;auteur ne s&rsquo;\u00e9pargne jamais et d\u00e9peint de fa\u00e7on poignante un artiste \u00e0 la d\u00e9rive. Sauf que cet artiste, Manu Larcenet, est aussi le ma\u00eetre de l&rsquo;autod\u00e9rision. Et qu&rsquo;il r\u00e9ussit \u00e0 rendre chaque dessin, chaque page, chaque \u00e9chec, aussi hilarants que bouleversants.<br \/>Face \u00e0 l&rsquo;angoisse de la cr\u00e9ation, sans artifice ni dissimulation, il se met \u00e0 nu dans une exploration d&rsquo;une richesse et d&rsquo;une profondeur rare et d&rsquo;une v\u00e9rit\u00e9 souvent d\u00e9chirante. Et d&rsquo;une dr\u00f4lerie surprenante.<br \/>Dialogues cisel\u00e9s, mise en sc\u00e8ne au cordeau, dessin incroyablement abouti, le dernier avatar d&rsquo;une oeuvre originale et dense, \u00ab\u00a0Th\u00e9rapie de Groupe\u00a0\u00bb enchantera \u00e9videmment la cohorte des fid\u00e8les de Larcenet. Et sera un vrai choc pour ceux qui le d\u00e9couvrent.<br \/>Source: Dargaud, \u00e9diteur<\/p>\n<hr \/>\n<p><span style=\"font-family: 'Brasley SemiBold'; font-weight: normal; color: #f46d38;\"><b><\/b><\/span><\/p>\n<p><span style=\"font-family: 'Brasley SemiBold'; font-weight: normal; color: #8bc064;\"><b>Edward Gorey une anthologie [BD adultes]<\/b><\/span><br \/><span style=\"color: #37474f;\"><i>Edward Gorey<\/i><\/span><\/p>\n<p>Le meilleur d&rsquo;Edward Gorey en un seul livre ! Cinq albums majeurs du ma\u00eetre de Tim Burton, dont le cultissime\u00a0Les Enfants fichus.<br \/>Edward Gorey (1925-2000) fut sans doute l&rsquo;\u00e9crivain-dessinateur le plus original du si\u00e8cle dernier. Du d\u00e9but des ann\u00e9es 1950 jusqu&rsquo;\u00e0 la fin des ann\u00e9es 1990, sous son nom ou sous des pseudonymes transparents (Ogdred Weary, Eduard Blutig, D. Awdrey-Gore, Edward Pig, Madame Groeda Weyrd&#8230;), il a con\u00e7u une centaine de recueils inhabituels m\u00ealant textes et images. De\u00a0The Unstrung Harp\u00a0(1953) \u00e0\u00a0The Headless Bust\u00a0(1999), ces \u0153uvres se composent d&rsquo;une myriade d&rsquo;histoires aux titres \u00e9tranges, aux dessins minutieux, aux phrases elliptiques, o\u00f9 se m\u00ealent les ingr\u00e9dients les plus improbables : la somptuosit\u00e9 du gothique et la rigueur de l&rsquo;absurde, le myst\u00e8re des romans policiers et la po\u00e9sie des haikus, l&rsquo;\u00e9l\u00e9gance des int\u00e9rieurs victoriens et la simplicit\u00e9 du clair-obscur, l&rsquo;esprit du surr\u00e9alisme et le go\u00fbt du fantastique, les destins tragiques et les vies l\u00e9g\u00e8res, les chiens philosophes et les urnes m\u00e9taphysiques, les chats cabots et les danseuses de ballets m\u00e9lancoliques, les ab\u00e9c\u00e9daires et les secrets, les monstres sympathiques et les enfants perdus&#8230;<br \/>Une anthologie\u00a0rassemble les albums suivants :\u00a0L&rsquo;Enfant Guigne\u00a0;\u00a0Les Enfants fichus\u00a0;\u00a0L&rsquo;Aile ouest\u00a0;\u00a0Total Zoo\u00a0;\u00a0Le Couple d\u00e9testable<br \/>Source \u00c9diteur<\/p>\n<hr \/>\n<p><span style=\"font-family: 'Brasley SemiBold'; font-weight: normal; color: #f46d38;\"><b><\/b><\/span><\/p>\n<p><span style=\"font-family: 'Brasley SemiBold'; font-weight: normal; color: #8bc064;\"><b>Payer la terre [BD adultes]<\/b><\/span><br \/><span style=\"color: #37474f;\"><i>Joe Sacco<\/i><\/span><\/p>\n<p>Joe Sacco, qui n\u2019avait plus r\u00e9alis\u00e9 de bande dessin\u00e9e documentaire depuisGaza 1956\u00a0en 2010, revient \u00e0 ce genre qu\u2019il a popularis\u00e9.<br \/>Avec\u00a0Payer la terre, il nous entraine dans les Territoires du Nord-Ouest au Canada, une r\u00e9gion grande comme la France et l\u2019Espagne r\u00e9unis, mais peupl\u00e9 de seulement 45 000 habitants.<br \/>Allant \u00e0 la rencontre des autochtones, il nous retrace l\u2019histoire de ce pays depuis l\u2019arriv\u00e9e des premiers colons et en dresse un portrait terrible, tant \u00e9conomique qu\u2019\u00e9cologique qu\u2019humain.\u00a0En 2015, Joe Sacco s\u2019est rendu par deux fois dans les territoires du Nord-Ouest du Canada, au dessous de l\u2019Arctique. Il est all\u00e9 \u00e0 la rencontre des Denes, un peuple autochtone. L\u2019auteur nous raconte l\u2019histoire de ce peuple, ses traditions, rest\u00e9es intactes pour certaines, les premi\u00e8res rencontres avec les anglais.<br \/>Pendant longtemps les peuples indig\u00e8nes du Grand Nord, vivant sur des terres non propices \u00e0 la colonisation agricole, rest\u00e8rent livr\u00e9s \u00e0 eux-m\u00eames, jusqu\u2019\u00e0 ce que la d\u00e9couverte de p\u00e9trole et d\u2019or incite le gouvernement \u00e0 officialiser son autorit\u00e9 sur eux, comme sur leurs terres. \u00c0 cette p\u00e9riode, les autorit\u00e9s s\u2019appropriaient les territoires, non plus par les massacres, mais cliniquement, m\u00e9thodiquement, et de fa\u00e7on administrative \u2013 gr\u00e2ce \u00e0 des trait\u00e9s.<br \/>En lisant ceux-ci, on n\u2019\u00e9chappe pas \u00e0 l\u2019impression que les \u00ab Indiens \u00bb ont donn\u00e9 la terre o\u00f9 ils vivaient en \u00e9change de la promesse d\u2019une annuit\u00e9 de quelques dollars, de quelques outils et de m\u00e9dailles pour ceux qui se disaient leurs chefs. Aujourd\u2019hui, la fracturation hydraulique ajoute la pollution \u00e0 la spoliation initiale.<br \/>Source Futuropolis, \u00e9diteur<\/p>\n<hr \/>\n<p><span style=\"font-family: 'Brasley SemiBold'; font-weight: normal; color: #f46d38;\"><b><\/b><\/span><\/p>\n<p><span style=\"font-family: 'Brasley SemiBold'; font-weight: normal; color: #8bc064;\"><b>Il est o\u00f9 le bonheur?<\/b><\/span><br \/><span style=\"color: #37474f;\"><i>Fran\u00e7ois Ruffin<\/i><\/span><\/p>\n<p>\u00ab Nous sommes tous sur la m\u00eame plan\u00e8te, tous sur le m\u00eame bateau. \u00bb Le mardi 23 juillet dernier, Greta Thunberg et ses jeunes amis visitaient l&rsquo;Assembl\u00e9e nationale. \u00ab La bataille pour le climat, nous la gagnerons tous ensemble ! \u00bb<br \/>Ah bon, vraiment ?<br \/>Voil\u00e0 que cet imp\u00e9ratif, sauver la plan\u00e8te, nous rassemblerait tous ? Riches et pauvres ? Damn\u00e9s de la Terre et actionnaires ? Tous unis contre la catastrophe en cours ? Voil\u00e0 que ce nouveau spectre, le r\u00e9chauffement, \u00e9teindrait \u00ab la guerre des classes \u00bb ? Au contraire, me semble-t-il.<br \/>Au contraire : la crise \u00e9cologique aiguise cette lutte, la renforce. La \u00ab guerre \u00bb ne porte plus seulement sur le niveau de vie, mais sur la vie elle-m\u00eame. Nous sommes engag\u00e9s dans un combat, des \u00ab Terriens \u00bb contre des \u00ab forces destructrices \u00bb, de l&rsquo;int\u00e9r\u00eat g\u00e9n\u00e9ral contre les multinationales. Nous avons des adversaires, et ils sont organis\u00e9s, avec des bataillons d&rsquo;avocats, de lobbies, d&rsquo;\u00e9ditorialistes, d&rsquo;\u00e9lus, jusqu&rsquo;au sommet des Etats.<br \/>S&rsquo;\u00e9clairant \u00ab \u00e0 la lumi\u00e8re de Jaur\u00e8s \u00bb, Fran\u00e7ois Ruffin rouvre un chemin pour la gauche. Avec cette question au c\u0153ur : comment muer le plomb de l&rsquo;angoisse en or de l&rsquo;esp\u00e9rance ? Il est o\u00f9, d\u00e9sormais, le bonheur, et le progr\u00e8s, et le sens de l&rsquo;existence, par temps d&rsquo;effondrement ?<br \/>Source Editeur<\/p>\n<hr \/>\n<p><span style=\"color: #f46d38; font-family: 'Brasley SemiBold'; font-weight: normal;\"><b><\/b><\/span><\/p>\n<p><span style=\"color: #8bc064; font-family: 'Brasley SemiBold'; font-weight: normal;\"><b>Briser en nous la mer gel\u00e9e<\/b><\/span><br \/><span style=\"font-family: 'Braslet mediumItalic'; font-weight: normal; color: #37474f;\"><i>Erik Orsenna<\/i><\/span><\/p>\n<p>\u00abVoici l\u2019histoire d\u2019un amour fou.\u00a0<br \/>Et voici une lettre, une longue lettre envoy\u00e9e \u00e0 Madame la Juge, Vice-Pr\u00e9sidente aux affaires familiales.\u00a0<br \/>En nous divor\u00e7ant, Suzanne et moi, le 10 octobre 2011, elle a soupir\u00e9 : \u00ab\u00a0Dommage, je sentais beaucoup d\u2019amour en vous.\u00a0\u00bb\u00a0 Comme elle avait raison!\u00a0<br \/>Mais pour nous retrouver, pour briser en nous la mer gel\u00e9e, il nous aura fallu voyager.\u00a0<br \/>Loin en nous-m\u00eames, pour apprendre \u00e0 ne plus trembler.\u00a0<br \/>Et loin sur la plan\u00e8te, jusqu\u2019au Grand Nord, vers des territoires d\u2019espions d\u2019autant plus invisibles que v\u00eatus de blanc, dans la patrie des vieux chercheurs d\u2019or et des tr\u00e9sors perdus, refuge des loutres de mer, des libraires slavophiles et des isbas oubli\u00e9es.\u00a0<br \/>Le saviez-vous ? Tout est G\u00e9ographie.\u00a0<br \/>Qu\u2019est-ce qu\u2019un d\u00e9troit, par exemple le d\u00e9troit de B\u00e9ring ? Un bras de mer resserr\u00e9 entre deux continents.\u00a0 \u00c0 l\u2019image exacte de l\u2019amour.\u00a0<br \/>Et c\u2019est l\u00e0, entre deux \u00eeles, l\u2019une am\u00e9ricaine et l\u2019autre russe, c\u2019est l\u00e0 que court la ligne de changement de date.\u00a0<\/p>\n<p>Apr\u00e8s\u00a0L\u2019Exposition coloniale, apr\u00e8s\u00a0Longtemps, l\u2019heure \u00e9tait revenue pour moi de m\u2019embarquer pour la seule exploration qui vaille : aimer.\u00bb Erik Orsenna.<br \/>Source Editeur<\/p>\n<p>[\/et_pb_text][\/et_pb_column][\/et_pb_row][\/et_pb_section]<\/p>\n","protected":false},"excerpt":{"rendered":"<p>L&rsquo;\u00e9mergence du monde ouvrier en Suisse au XIXe s.Laurence Marti Ce que nous vous demandons ce sont les moyens de vivre honorablement, d&rsquo;\u00e9lever nous-m\u00eames nos familles, et de sortir peu \u00e0 peu de cet \u00e9tat d&rsquo;inf\u00e9riorit\u00e9 o\u00f9 vous vous complaisez \u00e0 nous laisser depuis tant de si\u00e8cles ! \u00a0\u00bb Cette requ\u00eate aux dirigeants helv\u00e9tiques sign\u00e9e [&hellip;]<\/p>\n","protected":false},"author":4,"featured_media":0,"parent":0,"menu_order":0,"comment_status":"closed","ping_status":"closed","template":"","meta":{"_et_pb_use_builder":"on","_et_pb_old_content":"","_et_gb_content_width":"","footnotes":""},"class_list":["post-343","page","type-page","status-publish","hentry"],"_links":{"self":[{"href":"https:\/\/tavannes.ch\/bibliotheque\/wp-json\/wp\/v2\/pages\/343","targetHints":{"allow":["GET"]}}],"collection":[{"href":"https:\/\/tavannes.ch\/bibliotheque\/wp-json\/wp\/v2\/pages"}],"about":[{"href":"https:\/\/tavannes.ch\/bibliotheque\/wp-json\/wp\/v2\/types\/page"}],"author":[{"embeddable":true,"href":"https:\/\/tavannes.ch\/bibliotheque\/wp-json\/wp\/v2\/users\/4"}],"replies":[{"embeddable":true,"href":"https:\/\/tavannes.ch\/bibliotheque\/wp-json\/wp\/v2\/comments?post=343"}],"version-history":[{"count":3,"href":"https:\/\/tavannes.ch\/bibliotheque\/wp-json\/wp\/v2\/pages\/343\/revisions"}],"predecessor-version":[{"id":535,"href":"https:\/\/tavannes.ch\/bibliotheque\/wp-json\/wp\/v2\/pages\/343\/revisions\/535"}],"wp:attachment":[{"href":"https:\/\/tavannes.ch\/bibliotheque\/wp-json\/wp\/v2\/media?parent=343"}],"curies":[{"name":"wp","href":"https:\/\/api.w.org\/{rel}","templated":true}]}}