{"id":208,"date":"2020-12-04T17:05:40","date_gmt":"2020-12-04T16:05:40","guid":{"rendered":"https:\/\/tavannes.ch\/bibliotheque\/?page_id=208"},"modified":"2024-10-23T16:05:32","modified_gmt":"2024-10-23T14:05:32","slug":"liens","status":"publish","type":"page","link":"https:\/\/tavannes.ch\/bibliotheque\/liens\/","title":{"rendered":"Liens"},"content":{"rendered":"<p>[et_pb_section fb_built=\u00a0\u00bb1&Prime; _builder_version=\u00a0\u00bb4.16&Prime; _module_preset=\u00a0\u00bbdefault\u00a0\u00bb background_color=\u00a0\u00bbrgba(0,0,0,0)\u00a0\u00bb custom_padding=\u00a0\u00bb0px|||||\u00a0\u00bb global_colors_info=\u00a0\u00bb{}\u00a0\u00bb theme_builder_area=\u00a0\u00bbpost_content\u00a0\u00bb][et_pb_row _builder_version=\u00a0\u00bb4.16&Prime; _module_preset=\u00a0\u00bbdefault\u00a0\u00bb custom_padding=\u00a0\u00bb3px|||||\u00a0\u00bb global_colors_info=\u00a0\u00bb{}\u00a0\u00bb theme_builder_area=\u00a0\u00bbpost_content\u00a0\u00bb][et_pb_column type=\u00a0\u00bb4_4&Prime; _builder_version=\u00a0\u00bb4.16&Prime; _module_preset=\u00a0\u00bbdefault\u00a0\u00bb global_colors_info=\u00a0\u00bb{}\u00a0\u00bb theme_builder_area=\u00a0\u00bbpost_content\u00a0\u00bb][et_pb_text _builder_version=\u00a0\u00bb4.27.2&Prime; _module_preset=\u00a0\u00bbdefault\u00a0\u00bb hover_enabled=\u00a0\u00bb0&Prime; inline_fonts=\u00a0\u00bbBrasley Medium\u00a0\u00bb global_colors_info=\u00a0\u00bb{}\u00a0\u00bb theme_builder_area=\u00a0\u00bbpost_content\u00a0\u00bb custom_padding=\u00a0\u00bb||2px|||\u00a0\u00bb sticky_enabled=\u00a0\u00bb0&Prime;]<\/p>\n<p><span style=\"text-decoration: underline; color: #8bc064;\"><span style=\"font-family: 'Brasley Medium';\"><a href=\"http:\/\/www.tavannes.ch\/\" target=\"_blank\" rel=\"noopener noreferrer\" style=\"color: #8bc064; text-decoration: underline;\">www.leroyal.ch<\/a><\/span><\/span><br \/><span style=\"font-family: 'Brasley Medium';\"> Le Royal (centre culturel de Tavannes)<\/span><\/p>\n<p><span style=\"text-decoration: underline; color: #8bc064;\"><span style=\"font-family: 'Brasley Medium';\"><a href=\"http:\/\/www.leroyal.ch\/\" target=\"_blank\" rel=\"noopener noreferrer\" style=\"color: #8bc064; text-decoration: underline;\">www.tavannes.ch<\/a><\/span><\/span><br \/><span style=\"font-family: 'Brasley Medium';\"> Commune de Tavannes<\/span><\/p>\n<p><span style=\"text-decoration: underline; color: #8bc064;\"><span style=\"font-family: 'Brasley Medium';\"><a href=\"http:\/\/www.snl.ch\/\" target=\"_blank\" rel=\"noopener noreferrer\" style=\"color: #8bc064; text-decoration: underline;\">www.snl.ch<\/a><\/span><\/span><br \/><span style=\"font-family: 'Brasley Medium';\"> Biblioth\u00e8que nationale Suisse<\/span><\/p>\n<p><span style=\"text-decoration: underline; color: #8bc064;\"><span style=\"font-family: 'Brasley Medium';\"><a href=\"http:\/\/www.rero.ch\/\" target=\"_blank\" rel=\"noopener noreferrer\" style=\"color: #8bc064; text-decoration: underline;\">www.rero.ch<\/a><\/span><\/span><br \/><span style=\"font-family: 'Brasley Medium';\"> RERO (R\u00e9seau des biblioth\u00e8ques de suisse occidenta&#8230;<\/span><\/p>\n<p><span style=\"text-decoration: underline; color: #8bc064;\"><span style=\"font-family: 'Brasley Medium';\"><a href=\"http:\/\/www.m-ici.ch\/\" target=\"_blank\" rel=\"noopener noreferrer\" style=\"color: #8bc064; text-decoration: underline;\">www.m-ici.ch<\/a><\/span><\/span><br \/><span style=\"font-family: 'Brasley Medium';\"> M\u00e9moires d&rsquo;ici (centre de recherche et de document&#8230;<\/span><\/p>\n<p><span style=\"text-decoration: underline; color: #8bc064;\"><span style=\"font-family: 'Brasley Medium';\"><a href=\"http:\/\/www.moutier.ch\/culture-loisirs\/\" target=\"_blank\" rel=\"noopener noreferrer\" style=\"color: #8bc064; text-decoration: underline;\">www.moutier.ch\/culture-loisirs<\/a><\/span><\/span><br \/><span style=\"font-family: 'Brasley Medium';\"> Biblioth\u00e8que r\u00e9gionale de Moutier<\/span><\/p>\n<p><span style=\"text-decoration: underline; color: #8bc064;\"><span style=\"font-family: 'Brasley Medium';\"><a href=\"http:\/\/www.nepourlire.ch\/\" target=\"_blank\" rel=\"noopener noreferrer\" style=\"color: #8bc064; text-decoration: underline;\">www.nepourlire.ch<\/a><\/span><\/span><br \/><span style=\"font-family: 'Brasley Medium';\"> N\u00e9 pour lire veut sensibiliser les parents \u00e0 l\u2019imp&#8230;<\/span><\/p>\n<p>[\/et_pb_text][\/et_pb_column][\/et_pb_row][\/et_pb_section]<\/p>\n","protected":false},"excerpt":{"rendered":"<p>www.leroyal.ch Le Royal (centre culturel de Tavannes) www.tavannes.ch Commune de Tavannes www.snl.ch Biblioth\u00e8que nationale Suisse www.rero.ch RERO (R\u00e9seau des biblioth\u00e8ques de suisse occidenta&#8230; www.m-ici.ch M\u00e9moires d&rsquo;ici (centre de recherche et de document&#8230; www.moutier.ch\/culture-loisirs Biblioth\u00e8que r\u00e9gionale de Moutier www.nepourlire.ch N\u00e9 pour lire veut sensibiliser les parents \u00e0 l\u2019imp&#8230;<\/p>\n","protected":false},"author":4,"featured_media":0,"parent":0,"menu_order":0,"comment_status":"closed","ping_status":"closed","template":"","meta":{"_et_pb_use_builder":"on","_et_pb_old_content":"","_et_gb_content_width":"","footnotes":""},"class_list":["post-208","page","type-page","status-publish","hentry"],"_links":{"self":[{"href":"https:\/\/tavannes.ch\/bibliotheque\/wp-json\/wp\/v2\/pages\/208","targetHints":{"allow":["GET"]}}],"collection":[{"href":"https:\/\/tavannes.ch\/bibliotheque\/wp-json\/wp\/v2\/pages"}],"about":[{"href":"https:\/\/tavannes.ch\/bibliotheque\/wp-json\/wp\/v2\/types\/page"}],"author":[{"embeddable":true,"href":"https:\/\/tavannes.ch\/bibliotheque\/wp-json\/wp\/v2\/users\/4"}],"replies":[{"embeddable":true,"href":"https:\/\/tavannes.ch\/bibliotheque\/wp-json\/wp\/v2\/comments?post=208"}],"version-history":[{"count":5,"href":"https:\/\/tavannes.ch\/bibliotheque\/wp-json\/wp\/v2\/pages\/208\/revisions"}],"predecessor-version":[{"id":1481,"href":"https:\/\/tavannes.ch\/bibliotheque\/wp-json\/wp\/v2\/pages\/208\/revisions\/1481"}],"wp:attachment":[{"href":"https:\/\/tavannes.ch\/bibliotheque\/wp-json\/wp\/v2\/media?parent=208"}],"curies":[{"name":"wp","href":"https:\/\/api.w.org\/{rel}","templated":true}]}}