{"id":200,"date":"2020-12-04T16:54:22","date_gmt":"2020-12-04T15:54:22","guid":{"rendered":"https:\/\/tavannes.ch\/bibliotheque\/?page_id=200"},"modified":"2020-12-18T17:31:12","modified_gmt":"2020-12-18T16:31:12","slug":"historique","status":"publish","type":"page","link":"https:\/\/tavannes.ch\/bibliotheque\/historique\/","title":{"rendered":"Historique"},"content":{"rendered":"<p>[et_pb_section fb_built=\u00a0\u00bb1&Prime; _builder_version=\u00a0\u00bb4.7.4&Prime; _module_preset=\u00a0\u00bbdefault\u00a0\u00bb background_color=\u00a0\u00bbrgba(0,0,0,0)\u00a0\u00bb custom_padding=\u00a0\u00bb0px|||||\u00a0\u00bb][et_pb_row _builder_version=\u00a0\u00bb4.7.4&Prime; _module_preset=\u00a0\u00bbdefault\u00a0\u00bb custom_padding=\u00a0\u00bb2px|||||\u00a0\u00bb][et_pb_column type=\u00a0\u00bb4_4&Prime; _builder_version=\u00a0\u00bb4.7.4&Prime; _module_preset=\u00a0\u00bbdefault\u00a0\u00bb][et_pb_text _builder_version=\u00a0\u00bb4.7.7&Prime; _module_preset=\u00a0\u00bbdefault\u00a0\u00bb text_font=\u00a0\u00bbBrasley Medium||||||||\u00a0\u00bb text_text_color=\u00a0\u00bb#607d8b\u00a0\u00bb text_font_size=\u00a0\u00bb12pt\u00a0\u00bb hover_enabled=\u00a0\u00bb0&Prime; sticky_enabled=\u00a0\u00bb0&Prime;]<\/p>\n<p><span>C&rsquo;est le 3 mai 2003 qu&rsquo;a \u00e9t\u00e9 innaugur\u00e9e la Biblioth\u00e8que R\u00e9gionale de Tavannes. Apr\u00e8s Moutier, La Neuveville et Saint-Imier, Tavannes est la quatri\u00e8me biblioth\u00e8que r\u00e9gionale du Jura Bernois. N\u00e9e de la fusion entre la Biblioth\u00e8que municipale, cr\u00e9\u00e9e en 1916, et la Biblioth\u00e8que des jeunes, qui a \u00e9t\u00e9 cr\u00e9\u00e9e en 1973 par une association culturelle du village pour pallier l&rsquo;absence de livres pour les enfants et les adolescents. Aujourd&rsquo;hui, elle consolide les acquis des deux structures en proposant un vaste choix pour les petits et grands. La Biblioth\u00e8que R\u00e9gionale de Tavannes occupe l&rsquo;\u00e9tage inf\u00e9rieur du Centre culturel \u201cLE ROYAL\u201d, b\u00e2timent historique datant de 1917 compl\u00e9tement r\u00e9nov\u00e9 et inaugur\u00e9 en 1999.<\/span><\/p>\n<p><span><\/span><\/p>\n<p><span><img loading=\"lazy\" decoding=\"async\" src=\"https:\/\/tavannes.ch\/bibliotheque\/wp-content\/uploads\/2020\/12\/02LeLieu-300x167.jpg\" width=\"300\" height=\"167\" alt=\"\" class=\"wp-image-633 alignnone size-medium\" \/><\/span><\/p>\n<p>[\/et_pb_text][\/et_pb_column][\/et_pb_row][\/et_pb_section]<\/p>\n","protected":false},"excerpt":{"rendered":"<p>C&rsquo;est le 3 mai 2003 qu&rsquo;a \u00e9t\u00e9 innaugur\u00e9e la Biblioth\u00e8que R\u00e9gionale de Tavannes. Apr\u00e8s Moutier, La Neuveville et Saint-Imier, Tavannes est la quatri\u00e8me biblioth\u00e8que r\u00e9gionale du Jura Bernois. N\u00e9e de la fusion entre la Biblioth\u00e8que municipale, cr\u00e9\u00e9e en 1916, et la Biblioth\u00e8que des jeunes, qui a \u00e9t\u00e9 cr\u00e9\u00e9e en 1973 par une association culturelle du [&hellip;]<\/p>\n","protected":false},"author":4,"featured_media":0,"parent":0,"menu_order":0,"comment_status":"closed","ping_status":"closed","template":"","meta":{"_et_pb_use_builder":"on","_et_pb_old_content":"","_et_gb_content_width":"","footnotes":""},"class_list":["post-200","page","type-page","status-publish","hentry"],"_links":{"self":[{"href":"https:\/\/tavannes.ch\/bibliotheque\/wp-json\/wp\/v2\/pages\/200","targetHints":{"allow":["GET"]}}],"collection":[{"href":"https:\/\/tavannes.ch\/bibliotheque\/wp-json\/wp\/v2\/pages"}],"about":[{"href":"https:\/\/tavannes.ch\/bibliotheque\/wp-json\/wp\/v2\/types\/page"}],"author":[{"embeddable":true,"href":"https:\/\/tavannes.ch\/bibliotheque\/wp-json\/wp\/v2\/users\/4"}],"replies":[{"embeddable":true,"href":"https:\/\/tavannes.ch\/bibliotheque\/wp-json\/wp\/v2\/comments?post=200"}],"version-history":[{"count":5,"href":"https:\/\/tavannes.ch\/bibliotheque\/wp-json\/wp\/v2\/pages\/200\/revisions"}],"predecessor-version":[{"id":634,"href":"https:\/\/tavannes.ch\/bibliotheque\/wp-json\/wp\/v2\/pages\/200\/revisions\/634"}],"wp:attachment":[{"href":"https:\/\/tavannes.ch\/bibliotheque\/wp-json\/wp\/v2\/media?parent=200"}],"curies":[{"name":"wp","href":"https:\/\/api.w.org\/{rel}","templated":true}]}}