{"id":176,"date":"2020-12-04T16:29:24","date_gmt":"2020-12-04T15:29:24","guid":{"rendered":"https:\/\/tavannes.ch\/bibliotheque\/?page_id=176"},"modified":"2023-10-17T18:14:40","modified_gmt":"2023-10-17T16:14:40","slug":"presentation","status":"publish","type":"page","link":"https:\/\/tavannes.ch\/bibliotheque\/presentation\/","title":{"rendered":"Pr\u00e9sentation"},"content":{"rendered":"<p>[et_pb_section fb_built=\u00a0\u00bb1&Prime; _builder_version=\u00a0\u00bb4.16&Prime; background_color=\u00a0\u00bbrgba(0,0,0,0)\u00a0\u00bb min_height=\u00a0\u00bb751px\u00a0\u00bb custom_margin=\u00a0\u00bb||-17px|||\u00a0\u00bb custom_padding=\u00a0\u00bb0px||0px|||\u00a0\u00bb global_colors_info=\u00a0\u00bb{}\u00a0\u00bb][et_pb_row _builder_version=\u00a0\u00bb4.16&Prime; background_size=\u00a0\u00bbinitial\u00a0\u00bb background_position=\u00a0\u00bbtop_left\u00a0\u00bb background_repeat=\u00a0\u00bbrepeat\u00a0\u00bb min_height=\u00a0\u00bb768px\u00a0\u00bb custom_margin=\u00a0\u00bb-42px|auto||auto||\u00a0\u00bb global_colors_info=\u00a0\u00bb{}\u00a0\u00bb][et_pb_column type=\u00a0\u00bb4_4&Prime; _builder_version=\u00a0\u00bb4.16&Prime; custom_padding=\u00a0\u00bb|||\u00a0\u00bb global_colors_info=\u00a0\u00bb{}\u00a0\u00bb custom_padding__hover=\u00a0\u00bb|||\u00a0\u00bb][et_pb_text _builder_version=\u00a0\u00bb4.16&Prime; text_font=\u00a0\u00bbBrasley Medium||||||||\u00a0\u00bb text_font_size=\u00a0\u00bb12pt\u00a0\u00bb header_font=\u00a0\u00bbBraseley Bold||||||||\u00a0\u00bb background_size=\u00a0\u00bbinitial\u00a0\u00bb background_position=\u00a0\u00bbtop_left\u00a0\u00bb background_repeat=\u00a0\u00bbrepeat\u00a0\u00bb min_height=\u00a0\u00bb604px\u00a0\u00bb custom_margin=\u00a0\u00bb9px|||||\u00a0\u00bb custom_padding=\u00a0\u00bb3px|||||\u00a0\u00bb inline_fonts=\u00a0\u00bbBrasley SemiBold,Braslet mediumItalic,Brasley Medium\u00a0\u00bb global_colors_info=\u00a0\u00bb{}\u00a0\u00bb]<!-- divi:paragraph --><\/p>\n<p><span style=\"color: #8bc064; font-family: 'Brasley SemiBold'; font-size: 16px;\">La Biblioth\u00e8que R\u00e9gionale de Tavannes<\/span><\/p>\n<p>&nbsp;<\/p>\n<p><span style=\"font-family: 'Brasley Medium'; font-weight: normal; color: #607d8b;\">se r\u00e9jouit de vous accueillir et de proposer, \u00e0 toutes et \u00e0 tous, et ceci d\u00e8s le plus jeune \u00e2ge, un vaste choix d&rsquo;ouvrages constitu\u00e9 de livres et de documents audiovisuels.<\/span><\/p>\n<p><span style=\"font-family: 'Brasley Medium'; font-weight: normal; color: #607d8b;\"><img loading=\"lazy\" decoding=\"async\" src=\"https:\/\/tavannes.ch\/bibliotheque\/wp-content\/uploads\/2020\/12\/119631842_2697842613797368_1578118911162398019_o-300x300.jpg\" width=\"300\" height=\"300\" alt=\"\" class=\"wp-image-623 alignnone size-medium\" \/><\/span><\/p>\n<p>Nous vous proposons environ 25\u2019000 documents : des romans, des documentaires, des revues, des BD,\u00a0 des films et des livres \u00e9lectroniques. Nous vous proposons \u00e9galement des lectures faciles, des livres en langues \u00e9trang\u00e8res et des livres en grands caract\u00e8res.<\/p>\n<p>Des espaces d\u00e9tentes, ainsi qu\u2019un poste informatique sont \u00e9galement \u00e0 votre disposition pour effectuer toutes vos recherches.<\/p>\n<p><span style=\"color: #8bc064; font-family: 'Brasley SemiBold'; font-size: 16px;\">Nous vous accueillons<\/span><\/p>\n<p><span style=\"color: #607d8b; font-size: 16px;\">dans le cadre exceptionnel que constitue le centre culturel \u00ab\u00a0LE ROYAL\u00a0\u00bb, situ\u00e9 en plein coeur du village. Bouillon de culture par excellence o\u00f9 l&rsquo;on trouve votre biblioth\u00e8que, une ludoth\u00e8que, un cin\u00e9ma, un caf\u00e9 et une salle de spectacle.<\/span><\/p>\n<p><span style=\"color: #8bc064; font-family: 'Brasley SemiBold'; font-size: 16px;\">Nous organisons<\/span><\/p>\n<p><span style=\"font-size: 16px; color: #607d8b;\">r\u00e9guli\u00e8rement des animations (spectacles, conteries, ateliers, rencontres avec des \u00e9crivains, expositions&#8230; )<\/span><\/p>\n<p><span style=\"color: #607d8b;\"><span>.<\/span><\/span><\/p>\n<p><span style=\"color: #8bc064;\"><br \/><span style=\"font-size: 16px; font-family: 'Brasley SemiBold';\"><\/span><\/span><\/p>\n<p>&nbsp;<\/p>\n<p>&nbsp;<\/p>\n<p><!-- \/divi:paragraph -->[\/et_pb_text][\/et_pb_column][\/et_pb_row][\/et_pb_section]<\/p>\n","protected":false},"excerpt":{"rendered":"<p>La Biblioth\u00e8que R\u00e9gionale de Tavannes &nbsp; se r\u00e9jouit de vous accueillir et de proposer, \u00e0 toutes et \u00e0 tous, et ceci d\u00e8s le plus jeune \u00e2ge, un vaste choix d&rsquo;ouvrages constitu\u00e9 de livres et de documents audiovisuels. Nous vous proposons environ 25\u2019000 documents : des romans, des documentaires, des revues, des BD,\u00a0 des films et [&hellip;]<\/p>\n","protected":false},"author":4,"featured_media":0,"parent":0,"menu_order":0,"comment_status":"closed","ping_status":"closed","template":"","meta":{"_et_pb_use_builder":"on","_et_pb_old_content":"","_et_gb_content_width":"","footnotes":""},"class_list":["post-176","page","type-page","status-publish","hentry"],"_links":{"self":[{"href":"https:\/\/tavannes.ch\/bibliotheque\/wp-json\/wp\/v2\/pages\/176","targetHints":{"allow":["GET"]}}],"collection":[{"href":"https:\/\/tavannes.ch\/bibliotheque\/wp-json\/wp\/v2\/pages"}],"about":[{"href":"https:\/\/tavannes.ch\/bibliotheque\/wp-json\/wp\/v2\/types\/page"}],"author":[{"embeddable":true,"href":"https:\/\/tavannes.ch\/bibliotheque\/wp-json\/wp\/v2\/users\/4"}],"replies":[{"embeddable":true,"href":"https:\/\/tavannes.ch\/bibliotheque\/wp-json\/wp\/v2\/comments?post=176"}],"version-history":[{"count":11,"href":"https:\/\/tavannes.ch\/bibliotheque\/wp-json\/wp\/v2\/pages\/176\/revisions"}],"predecessor-version":[{"id":1341,"href":"https:\/\/tavannes.ch\/bibliotheque\/wp-json\/wp\/v2\/pages\/176\/revisions\/1341"}],"wp:attachment":[{"href":"https:\/\/tavannes.ch\/bibliotheque\/wp-json\/wp\/v2\/media?parent=176"}],"curies":[{"name":"wp","href":"https:\/\/api.w.org\/{rel}","templated":true}]}}